{"id":263,"date":"2015-12-23T16:20:18","date_gmt":"2015-12-23T15:20:18","guid":{"rendered":"https:\/\/unterleegut-ferienwohnungen.at\/?page_id=263&#038;lang=nl"},"modified":"2018-03-26T15:35:45","modified_gmt":"2018-03-26T13:35:45","slug":"contact-route","status":"publish","type":"page","link":"https:\/\/unterleegut-ferienwohnungen.at\/nl\/contact-route\/","title":{"rendered":"Contact &#038; Route"},"content":{"rendered":"<p><span style=\"font-size: 14px; text-transform: uppercase; letter-spacing: 5px;\">Unterlee<\/span><\/p>\n<p>M\u00fchlbach 24<br \/>\n5505 M\u00fchlbach am Hochk\u00f6nig<br \/>\n\u00d6sterreich<\/p>\n<p>Mail: <a href=\"mailto:urlaub@unterleegut.at\">urlaub@unterleegut.at<br \/>\n<\/a>Telefoon: +43 664 3225307<\/p>\n","protected":false},"excerpt":{"rendered":"<p>Unterlee M\u00fchlbach 24 5505 M\u00fchlbach am Hochk\u00f6nig \u00d6sterreich Mail: urlaub@unterleegut.at Telefoon: +43 664 3225307<\/p>\n","protected":false},"author":1,"featured_media":0,"parent":0,"menu_order":5,"comment_status":"closed","ping_status":"closed","template":"contact.php","meta":{"footnotes":""},"class_list":["post-263","page","type-page","status-publish","hentry"],"yoast_head":"<!-- This site is optimized with the Yoast SEO plugin v27.4 - https:\/\/yoast.com\/product\/yoast-seo-wordpress\/ -->\n<title>M\u00fchlbach 24 I 5505 M\u00fchlbach am Hochk\u00f6nig Oostenrijk<\/title>\n<meta name=\"robots\" content=\"index, follow, max-snippet:-1, max-image-preview:large, max-video-preview:-1\" \/>\n<link rel=\"canonical\" href=\"https:\/\/unterleegut-ferienwohnungen.at\/nl\/contact-route\/\" \/>\n<meta property=\"og:locale\" content=\"nl_NL\" \/>\n<meta property=\"og:type\" content=\"article\" \/>\n<meta property=\"og:title\" content=\"M\u00fchlbach 24 I 5505 M\u00fchlbach am Hochk\u00f6nig Oostenrijk\" \/>\n<meta property=\"og:description\" content=\"Unterlee M\u00fchlbach 24 5505 M\u00fchlbach am Hochk\u00f6nig \u00d6sterreich Mail: urlaub@unterleegut.at Telefoon: +43 664 3225307\" \/>\n<meta property=\"og:url\" content=\"https:\/\/unterleegut-ferienwohnungen.at\/nl\/contact-route\/\" \/>\n<meta property=\"og:site_name\" content=\"Ferienwohnung M\u00fchlbach Unterleegut Apartments\" \/>\n<meta property=\"article:publisher\" content=\"https:\/\/www.facebook.com\/unterleegut\/\" \/>\n<meta property=\"article:modified_time\" content=\"2018-03-26T13:35:45+00:00\" \/>\n<meta property=\"og:image\" content=\"https:\/\/unterleegut-ferienwohnungen.at\/wp-content\/uploads\/unterleegut_ferienwohnung_Muehlbach_2021_186.jpg\" \/>\n\t<meta property=\"og:image:width\" content=\"1280\" \/>\n\t<meta property=\"og:image:height\" content=\"1600\" \/>\n\t<meta property=\"og:image:type\" content=\"image\/jpeg\" \/>\n<meta name=\"twitter:card\" content=\"summary_large_image\" \/>\n<script type=\"application\/ld+json\" class=\"yoast-schema-graph\">{\"@context\":\"https:\\\/\\\/schema.org\",\"@graph\":[{\"@type\":\"WebPage\",\"@id\":\"https:\\\/\\\/unterleegut-ferienwohnungen.at\\\/nl\\\/contact-route\\\/\",\"url\":\"https:\\\/\\\/unterleegut-ferienwohnungen.at\\\/nl\\\/contact-route\\\/\",\"name\":\"M\u00fchlbach 24 I 5505 M\u00fchlbach am Hochk\u00f6nig Oostenrijk\",\"isPartOf\":{\"@id\":\"https:\\\/\\\/unterleegut-ferienwohnungen.at\\\/nl\\\/#website\"},\"datePublished\":\"2015-12-23T15:20:18+00:00\",\"dateModified\":\"2018-03-26T13:35:45+00:00\",\"breadcrumb\":{\"@id\":\"https:\\\/\\\/unterleegut-ferienwohnungen.at\\\/nl\\\/contact-route\\\/#breadcrumb\"},\"inLanguage\":\"nl-NL\",\"potentialAction\":[{\"@type\":\"ReadAction\",\"target\":[\"https:\\\/\\\/unterleegut-ferienwohnungen.at\\\/nl\\\/contact-route\\\/\"]}]},{\"@type\":\"BreadcrumbList\",\"@id\":\"https:\\\/\\\/unterleegut-ferienwohnungen.at\\\/nl\\\/contact-route\\\/#breadcrumb\",\"itemListElement\":[{\"@type\":\"ListItem\",\"position\":1,\"name\":\"Startseite\",\"item\":\"https:\\\/\\\/unterleegut-ferienwohnungen.at\\\/nl\\\/\"},{\"@type\":\"ListItem\",\"position\":2,\"name\":\"Contact &#038; Route\"}]},{\"@type\":\"WebSite\",\"@id\":\"https:\\\/\\\/unterleegut-ferienwohnungen.at\\\/nl\\\/#website\",\"url\":\"https:\\\/\\\/unterleegut-ferienwohnungen.at\\\/nl\\\/\",\"name\":\"Ferienwohnung M\u00fchlbach Unterleegut Apartments\",\"description\":\"M\u00fchlbach am HOCHK\u00d6NIG\",\"publisher\":{\"@id\":\"https:\\\/\\\/unterleegut-ferienwohnungen.at\\\/nl\\\/#organization\"},\"potentialAction\":[{\"@type\":\"SearchAction\",\"target\":{\"@type\":\"EntryPoint\",\"urlTemplate\":\"https:\\\/\\\/unterleegut-ferienwohnungen.at\\\/nl\\\/?s={search_term_string}\"},\"query-input\":{\"@type\":\"PropertyValueSpecification\",\"valueRequired\":true,\"valueName\":\"search_term_string\"}}],\"inLanguage\":\"nl-NL\"},{\"@type\":\"Organization\",\"@id\":\"https:\\\/\\\/unterleegut-ferienwohnungen.at\\\/nl\\\/#organization\",\"name\":\"Unterleegut Ferienwohnungen M\u00fchlbach am Hochk\u00f6nig\",\"url\":\"https:\\\/\\\/unterleegut-ferienwohnungen.at\\\/nl\\\/\",\"logo\":{\"@type\":\"ImageObject\",\"inLanguage\":\"nl-NL\",\"@id\":\"https:\\\/\\\/unterleegut-ferienwohnungen.at\\\/nl\\\/#\\\/schema\\\/logo\\\/image\\\/\",\"url\":\"https:\\\/\\\/unterleegut-ferienwohnungen.at\\\/wp-content\\\/uploads\\\/cropped-logo_unterlee_grau.png\",\"contentUrl\":\"https:\\\/\\\/unterleegut-ferienwohnungen.at\\\/wp-content\\\/uploads\\\/cropped-logo_unterlee_grau.png\",\"width\":363,\"height\":250,\"caption\":\"Unterleegut Ferienwohnungen M\u00fchlbach am Hochk\u00f6nig\"},\"image\":{\"@id\":\"https:\\\/\\\/unterleegut-ferienwohnungen.at\\\/nl\\\/#\\\/schema\\\/logo\\\/image\\\/\"},\"sameAs\":[\"https:\\\/\\\/www.facebook.com\\\/unterleegut\\\/\"]}]}<\/script>\n<!-- \/ Yoast SEO plugin. -->","yoast_head_json":{"title":"M\u00fchlbach 24 I 5505 M\u00fchlbach am Hochk\u00f6nig Oostenrijk","robots":{"index":"index","follow":"follow","max-snippet":"max-snippet:-1","max-image-preview":"max-image-preview:large","max-video-preview":"max-video-preview:-1"},"canonical":"https:\/\/unterleegut-ferienwohnungen.at\/nl\/contact-route\/","og_locale":"nl_NL","og_type":"article","og_title":"M\u00fchlbach 24 I 5505 M\u00fchlbach am Hochk\u00f6nig Oostenrijk","og_description":"Unterlee M\u00fchlbach 24 5505 M\u00fchlbach am Hochk\u00f6nig \u00d6sterreich Mail: urlaub@unterleegut.at Telefoon: +43 664 3225307","og_url":"https:\/\/unterleegut-ferienwohnungen.at\/nl\/contact-route\/","og_site_name":"Ferienwohnung M\u00fchlbach Unterleegut Apartments","article_publisher":"https:\/\/www.facebook.com\/unterleegut\/","article_modified_time":"2018-03-26T13:35:45+00:00","og_image":[{"width":1280,"height":1600,"url":"https:\/\/unterleegut-ferienwohnungen.at\/wp-content\/uploads\/unterleegut_ferienwohnung_Muehlbach_2021_186.jpg","type":"image\/jpeg"}],"twitter_card":"summary_large_image","schema":{"@context":"https:\/\/schema.org","@graph":[{"@type":"WebPage","@id":"https:\/\/unterleegut-ferienwohnungen.at\/nl\/contact-route\/","url":"https:\/\/unterleegut-ferienwohnungen.at\/nl\/contact-route\/","name":"M\u00fchlbach 24 I 5505 M\u00fchlbach am Hochk\u00f6nig Oostenrijk","isPartOf":{"@id":"https:\/\/unterleegut-ferienwohnungen.at\/nl\/#website"},"datePublished":"2015-12-23T15:20:18+00:00","dateModified":"2018-03-26T13:35:45+00:00","breadcrumb":{"@id":"https:\/\/unterleegut-ferienwohnungen.at\/nl\/contact-route\/#breadcrumb"},"inLanguage":"nl-NL","potentialAction":[{"@type":"ReadAction","target":["https:\/\/unterleegut-ferienwohnungen.at\/nl\/contact-route\/"]}]},{"@type":"BreadcrumbList","@id":"https:\/\/unterleegut-ferienwohnungen.at\/nl\/contact-route\/#breadcrumb","itemListElement":[{"@type":"ListItem","position":1,"name":"Startseite","item":"https:\/\/unterleegut-ferienwohnungen.at\/nl\/"},{"@type":"ListItem","position":2,"name":"Contact &#038; Route"}]},{"@type":"WebSite","@id":"https:\/\/unterleegut-ferienwohnungen.at\/nl\/#website","url":"https:\/\/unterleegut-ferienwohnungen.at\/nl\/","name":"Ferienwohnung M\u00fchlbach Unterleegut Apartments","description":"M\u00fchlbach am HOCHK\u00d6NIG","publisher":{"@id":"https:\/\/unterleegut-ferienwohnungen.at\/nl\/#organization"},"potentialAction":[{"@type":"SearchAction","target":{"@type":"EntryPoint","urlTemplate":"https:\/\/unterleegut-ferienwohnungen.at\/nl\/?s={search_term_string}"},"query-input":{"@type":"PropertyValueSpecification","valueRequired":true,"valueName":"search_term_string"}}],"inLanguage":"nl-NL"},{"@type":"Organization","@id":"https:\/\/unterleegut-ferienwohnungen.at\/nl\/#organization","name":"Unterleegut Ferienwohnungen M\u00fchlbach am Hochk\u00f6nig","url":"https:\/\/unterleegut-ferienwohnungen.at\/nl\/","logo":{"@type":"ImageObject","inLanguage":"nl-NL","@id":"https:\/\/unterleegut-ferienwohnungen.at\/nl\/#\/schema\/logo\/image\/","url":"https:\/\/unterleegut-ferienwohnungen.at\/wp-content\/uploads\/cropped-logo_unterlee_grau.png","contentUrl":"https:\/\/unterleegut-ferienwohnungen.at\/wp-content\/uploads\/cropped-logo_unterlee_grau.png","width":363,"height":250,"caption":"Unterleegut Ferienwohnungen M\u00fchlbach am Hochk\u00f6nig"},"image":{"@id":"https:\/\/unterleegut-ferienwohnungen.at\/nl\/#\/schema\/logo\/image\/"},"sameAs":["https:\/\/www.facebook.com\/unterleegut\/"]}]}},"_links":{"self":[{"href":"https:\/\/unterleegut-ferienwohnungen.at\/nl\/wp-json\/wp\/v2\/pages\/263","targetHints":{"allow":["GET"]}}],"collection":[{"href":"https:\/\/unterleegut-ferienwohnungen.at\/nl\/wp-json\/wp\/v2\/pages"}],"about":[{"href":"https:\/\/unterleegut-ferienwohnungen.at\/nl\/wp-json\/wp\/v2\/types\/page"}],"author":[{"embeddable":true,"href":"https:\/\/unterleegut-ferienwohnungen.at\/nl\/wp-json\/wp\/v2\/users\/1"}],"replies":[{"embeddable":true,"href":"https:\/\/unterleegut-ferienwohnungen.at\/nl\/wp-json\/wp\/v2\/comments?post=263"}],"version-history":[{"count":0,"href":"https:\/\/unterleegut-ferienwohnungen.at\/nl\/wp-json\/wp\/v2\/pages\/263\/revisions"}],"wp:attachment":[{"href":"https:\/\/unterleegut-ferienwohnungen.at\/nl\/wp-json\/wp\/v2\/media?parent=263"}],"curies":[{"name":"wp","href":"https:\/\/api.w.org\/{rel}","templated":true}]}}