{"id":831,"date":"2015-10-02T13:41:28","date_gmt":"2015-10-02T11:41:28","guid":{"rendered":"https:\/\/unterleegut-ferienwohnungen.at\/hu\/kontakt-anfahrt\/"},"modified":"2018-03-26T15:36:23","modified_gmt":"2018-03-26T13:36:23","slug":"kontakt-anfahrt","status":"publish","type":"page","link":"https:\/\/unterleegut-ferienwohnungen.at\/hu\/kontakt-anfahrt\/","title":{"rendered":"Kapcsolat \u00e9s \u00datvonal"},"content":{"rendered":"<p><span style=\"font-size: 14px; text-transform: uppercase; letter-spacing: 5px;\"><span id=\"result_box\" class=\"\" lang=\"hu\"><span title=\"FERIENWOHNUNGEN\">APARTMANOK<\/span><\/span> UnterleeGUT<\/span><\/p>\n<p>M\u00fchlbach 24<br \/>\n5505 M\u00fchlbach am Hochk\u00f6nig<br \/>\n\u00d6sterreich<\/p>\n<p>Mail: <a href=\"mailto:urlaub@unterleegut.at\">urlaub@unterleegut.at<br \/>\n<\/a>Telefon: +43 664 3225307<\/p>\n","protected":false},"excerpt":{"rendered":"<p>APARTMANOK UnterleeGUT M\u00fchlbach 24 5505 M\u00fchlbach am Hochk\u00f6nig \u00d6sterreich Mail: urlaub@unterleegut.at Telefon: +43 664 3225307<\/p>\n","protected":false},"author":1,"featured_media":0,"parent":0,"menu_order":0,"comment_status":"closed","ping_status":"closed","template":"contact.php","meta":{"footnotes":""},"class_list":["post-831","page","type-page","status-publish","hentry"],"yoast_head":"<!-- This site is optimized with the Yoast SEO plugin v27.4 - https:\/\/yoast.com\/product\/yoast-seo-wordpress\/ -->\n<title>Unterlee 24 I 5505 M\u00fchlbach am Hochk\u00f6nig \u00d6sterreich, Ferienwohnungen Unterlee M\u00fchlbach am Hochk\u00f6nig, Salzburg\/Austria<\/title>\n<meta name=\"description\" content=\"Unterlee 24 5505 M\u00fchlbach am Hochk\u00f6nig \u00d6sterreich\" \/>\n<meta name=\"robots\" content=\"index, follow, max-snippet:-1, max-image-preview:large, max-video-preview:-1\" \/>\n<link rel=\"canonical\" href=\"https:\/\/unterleegut-ferienwohnungen.at\/hu\/kontakt-anfahrt\/\" \/>\n<meta property=\"og:locale\" content=\"hu_HU\" \/>\n<meta property=\"og:type\" content=\"article\" \/>\n<meta property=\"og:title\" content=\"Unterlee 24 I 5505 M\u00fchlbach am Hochk\u00f6nig \u00d6sterreich, Ferienwohnungen Unterlee M\u00fchlbach am Hochk\u00f6nig, Salzburg\/Austria\" \/>\n<meta property=\"og:description\" content=\"Unterlee 24 5505 M\u00fchlbach am Hochk\u00f6nig \u00d6sterreich\" \/>\n<meta property=\"og:url\" content=\"https:\/\/unterleegut-ferienwohnungen.at\/hu\/kontakt-anfahrt\/\" \/>\n<meta property=\"og:site_name\" content=\"Ferienwohnung M\u00fchlbach Unterleegut Apartments\" \/>\n<meta property=\"article:publisher\" content=\"https:\/\/www.facebook.com\/unterleegut\/\" \/>\n<meta property=\"article:modified_time\" content=\"2018-03-26T13:36:23+00:00\" \/>\n<meta property=\"og:image\" content=\"https:\/\/unterleegut-ferienwohnungen.at\/wp-content\/uploads\/unterleegut_ferienwohnung_Muehlbach_2021_186.jpg\" \/>\n\t<meta property=\"og:image:width\" content=\"1280\" \/>\n\t<meta property=\"og:image:height\" content=\"1600\" \/>\n\t<meta property=\"og:image:type\" content=\"image\/jpeg\" \/>\n<meta name=\"twitter:card\" content=\"summary_large_image\" \/>\n<script type=\"application\/ld+json\" class=\"yoast-schema-graph\">{\"@context\":\"https:\\\/\\\/schema.org\",\"@graph\":[{\"@type\":\"WebPage\",\"@id\":\"https:\\\/\\\/unterleegut-ferienwohnungen.at\\\/hu\\\/kontakt-anfahrt\\\/\",\"url\":\"https:\\\/\\\/unterleegut-ferienwohnungen.at\\\/hu\\\/kontakt-anfahrt\\\/\",\"name\":\"Unterlee 24 I 5505 M\u00fchlbach am Hochk\u00f6nig \u00d6sterreich, Ferienwohnungen Unterlee M\u00fchlbach am Hochk\u00f6nig, Salzburg\\\/Austria\",\"isPartOf\":{\"@id\":\"https:\\\/\\\/unterleegut-ferienwohnungen.at\\\/hu\\\/#website\"},\"datePublished\":\"2015-10-02T11:41:28+00:00\",\"dateModified\":\"2018-03-26T13:36:23+00:00\",\"description\":\"Unterlee 24 5505 M\u00fchlbach am Hochk\u00f6nig \u00d6sterreich\",\"breadcrumb\":{\"@id\":\"https:\\\/\\\/unterleegut-ferienwohnungen.at\\\/hu\\\/kontakt-anfahrt\\\/#breadcrumb\"},\"inLanguage\":\"hu\",\"potentialAction\":[{\"@type\":\"ReadAction\",\"target\":[\"https:\\\/\\\/unterleegut-ferienwohnungen.at\\\/hu\\\/kontakt-anfahrt\\\/\"]}]},{\"@type\":\"BreadcrumbList\",\"@id\":\"https:\\\/\\\/unterleegut-ferienwohnungen.at\\\/hu\\\/kontakt-anfahrt\\\/#breadcrumb\",\"itemListElement\":[{\"@type\":\"ListItem\",\"position\":1,\"name\":\"Startseite\",\"item\":\"https:\\\/\\\/unterleegut-ferienwohnungen.at\\\/hu\\\/\"},{\"@type\":\"ListItem\",\"position\":2,\"name\":\"Kapcsolat \u00e9s \u00datvonal\"}]},{\"@type\":\"WebSite\",\"@id\":\"https:\\\/\\\/unterleegut-ferienwohnungen.at\\\/hu\\\/#website\",\"url\":\"https:\\\/\\\/unterleegut-ferienwohnungen.at\\\/hu\\\/\",\"name\":\"Ferienwohnung M\u00fchlbach Unterleegut Apartments\",\"description\":\"M\u00fchlbach am HOCHK\u00d6NIG\",\"publisher\":{\"@id\":\"https:\\\/\\\/unterleegut-ferienwohnungen.at\\\/hu\\\/#organization\"},\"potentialAction\":[{\"@type\":\"SearchAction\",\"target\":{\"@type\":\"EntryPoint\",\"urlTemplate\":\"https:\\\/\\\/unterleegut-ferienwohnungen.at\\\/hu\\\/?s={search_term_string}\"},\"query-input\":{\"@type\":\"PropertyValueSpecification\",\"valueRequired\":true,\"valueName\":\"search_term_string\"}}],\"inLanguage\":\"hu\"},{\"@type\":\"Organization\",\"@id\":\"https:\\\/\\\/unterleegut-ferienwohnungen.at\\\/hu\\\/#organization\",\"name\":\"Unterleegut Ferienwohnungen M\u00fchlbach am Hochk\u00f6nig\",\"url\":\"https:\\\/\\\/unterleegut-ferienwohnungen.at\\\/hu\\\/\",\"logo\":{\"@type\":\"ImageObject\",\"inLanguage\":\"hu\",\"@id\":\"https:\\\/\\\/unterleegut-ferienwohnungen.at\\\/hu\\\/#\\\/schema\\\/logo\\\/image\\\/\",\"url\":\"https:\\\/\\\/unterleegut-ferienwohnungen.at\\\/wp-content\\\/uploads\\\/cropped-logo_unterlee_grau.png\",\"contentUrl\":\"https:\\\/\\\/unterleegut-ferienwohnungen.at\\\/wp-content\\\/uploads\\\/cropped-logo_unterlee_grau.png\",\"width\":363,\"height\":250,\"caption\":\"Unterleegut Ferienwohnungen M\u00fchlbach am Hochk\u00f6nig\"},\"image\":{\"@id\":\"https:\\\/\\\/unterleegut-ferienwohnungen.at\\\/hu\\\/#\\\/schema\\\/logo\\\/image\\\/\"},\"sameAs\":[\"https:\\\/\\\/www.facebook.com\\\/unterleegut\\\/\"]}]}<\/script>\n<!-- \/ Yoast SEO plugin. -->","yoast_head_json":{"title":"Unterlee 24 I 5505 M\u00fchlbach am Hochk\u00f6nig \u00d6sterreich, Ferienwohnungen Unterlee M\u00fchlbach am Hochk\u00f6nig, Salzburg\/Austria","description":"Unterlee 24 5505 M\u00fchlbach am Hochk\u00f6nig \u00d6sterreich","robots":{"index":"index","follow":"follow","max-snippet":"max-snippet:-1","max-image-preview":"max-image-preview:large","max-video-preview":"max-video-preview:-1"},"canonical":"https:\/\/unterleegut-ferienwohnungen.at\/hu\/kontakt-anfahrt\/","og_locale":"hu_HU","og_type":"article","og_title":"Unterlee 24 I 5505 M\u00fchlbach am Hochk\u00f6nig \u00d6sterreich, Ferienwohnungen Unterlee M\u00fchlbach am Hochk\u00f6nig, Salzburg\/Austria","og_description":"Unterlee 24 5505 M\u00fchlbach am Hochk\u00f6nig \u00d6sterreich","og_url":"https:\/\/unterleegut-ferienwohnungen.at\/hu\/kontakt-anfahrt\/","og_site_name":"Ferienwohnung M\u00fchlbach Unterleegut Apartments","article_publisher":"https:\/\/www.facebook.com\/unterleegut\/","article_modified_time":"2018-03-26T13:36:23+00:00","og_image":[{"width":1280,"height":1600,"url":"https:\/\/unterleegut-ferienwohnungen.at\/wp-content\/uploads\/unterleegut_ferienwohnung_Muehlbach_2021_186.jpg","type":"image\/jpeg"}],"twitter_card":"summary_large_image","schema":{"@context":"https:\/\/schema.org","@graph":[{"@type":"WebPage","@id":"https:\/\/unterleegut-ferienwohnungen.at\/hu\/kontakt-anfahrt\/","url":"https:\/\/unterleegut-ferienwohnungen.at\/hu\/kontakt-anfahrt\/","name":"Unterlee 24 I 5505 M\u00fchlbach am Hochk\u00f6nig \u00d6sterreich, Ferienwohnungen Unterlee M\u00fchlbach am Hochk\u00f6nig, Salzburg\/Austria","isPartOf":{"@id":"https:\/\/unterleegut-ferienwohnungen.at\/hu\/#website"},"datePublished":"2015-10-02T11:41:28+00:00","dateModified":"2018-03-26T13:36:23+00:00","description":"Unterlee 24 5505 M\u00fchlbach am Hochk\u00f6nig \u00d6sterreich","breadcrumb":{"@id":"https:\/\/unterleegut-ferienwohnungen.at\/hu\/kontakt-anfahrt\/#breadcrumb"},"inLanguage":"hu","potentialAction":[{"@type":"ReadAction","target":["https:\/\/unterleegut-ferienwohnungen.at\/hu\/kontakt-anfahrt\/"]}]},{"@type":"BreadcrumbList","@id":"https:\/\/unterleegut-ferienwohnungen.at\/hu\/kontakt-anfahrt\/#breadcrumb","itemListElement":[{"@type":"ListItem","position":1,"name":"Startseite","item":"https:\/\/unterleegut-ferienwohnungen.at\/hu\/"},{"@type":"ListItem","position":2,"name":"Kapcsolat \u00e9s \u00datvonal"}]},{"@type":"WebSite","@id":"https:\/\/unterleegut-ferienwohnungen.at\/hu\/#website","url":"https:\/\/unterleegut-ferienwohnungen.at\/hu\/","name":"Ferienwohnung M\u00fchlbach Unterleegut Apartments","description":"M\u00fchlbach am HOCHK\u00d6NIG","publisher":{"@id":"https:\/\/unterleegut-ferienwohnungen.at\/hu\/#organization"},"potentialAction":[{"@type":"SearchAction","target":{"@type":"EntryPoint","urlTemplate":"https:\/\/unterleegut-ferienwohnungen.at\/hu\/?s={search_term_string}"},"query-input":{"@type":"PropertyValueSpecification","valueRequired":true,"valueName":"search_term_string"}}],"inLanguage":"hu"},{"@type":"Organization","@id":"https:\/\/unterleegut-ferienwohnungen.at\/hu\/#organization","name":"Unterleegut Ferienwohnungen M\u00fchlbach am Hochk\u00f6nig","url":"https:\/\/unterleegut-ferienwohnungen.at\/hu\/","logo":{"@type":"ImageObject","inLanguage":"hu","@id":"https:\/\/unterleegut-ferienwohnungen.at\/hu\/#\/schema\/logo\/image\/","url":"https:\/\/unterleegut-ferienwohnungen.at\/wp-content\/uploads\/cropped-logo_unterlee_grau.png","contentUrl":"https:\/\/unterleegut-ferienwohnungen.at\/wp-content\/uploads\/cropped-logo_unterlee_grau.png","width":363,"height":250,"caption":"Unterleegut Ferienwohnungen M\u00fchlbach am Hochk\u00f6nig"},"image":{"@id":"https:\/\/unterleegut-ferienwohnungen.at\/hu\/#\/schema\/logo\/image\/"},"sameAs":["https:\/\/www.facebook.com\/unterleegut\/"]}]}},"_links":{"self":[{"href":"https:\/\/unterleegut-ferienwohnungen.at\/hu\/wp-json\/wp\/v2\/pages\/831","targetHints":{"allow":["GET"]}}],"collection":[{"href":"https:\/\/unterleegut-ferienwohnungen.at\/hu\/wp-json\/wp\/v2\/pages"}],"about":[{"href":"https:\/\/unterleegut-ferienwohnungen.at\/hu\/wp-json\/wp\/v2\/types\/page"}],"author":[{"embeddable":true,"href":"https:\/\/unterleegut-ferienwohnungen.at\/hu\/wp-json\/wp\/v2\/users\/1"}],"replies":[{"embeddable":true,"href":"https:\/\/unterleegut-ferienwohnungen.at\/hu\/wp-json\/wp\/v2\/comments?post=831"}],"version-history":[{"count":0,"href":"https:\/\/unterleegut-ferienwohnungen.at\/hu\/wp-json\/wp\/v2\/pages\/831\/revisions"}],"wp:attachment":[{"href":"https:\/\/unterleegut-ferienwohnungen.at\/hu\/wp-json\/wp\/v2\/media?parent=831"}],"curies":[{"name":"wp","href":"https:\/\/api.w.org\/{rel}","templated":true}]}}